{"id":7,"date":"2017-03-29T11:34:28","date_gmt":"2017-03-29T11:34:28","guid":{"rendered":"http:\/\/kaa0s.esy.es\/?page_id=7"},"modified":"2021-10-03T14:24:30","modified_gmt":"2021-10-03T14:24:30","slug":"homepage","status":"publish","type":"page","link":"https:\/\/nanostructuri-fluide.ro\/eco-nano-eco\/","title":{"rendered":"Homepage"},"content":{"rendered":"[spb_single_image image=&#8221;789&#8243; image_size=&#8221;full&#8221; frame=&#8221;noframe&#8221; intro_animation=&#8221;none&#8221; full_width=&#8221;no&#8221; lightbox=&#8221;no&#8221; link_target=&#8221;_self&#8221; width=&#8221;1\/1&#8243; el_position=&#8221;first last&#8221;] [spb_single_image image=&#8221;1166&#8243; image_size=&#8221;full&#8221; frame=&#8221;noframe&#8221; intro_animation=&#8221;none&#8221; full_width=&#8221;no&#8221; lightbox=&#8221;no&#8221; image_link=&#8221;https:\/\/nanostructuri-fluide.ro\/eco-nano-eco\/anunturi\/&#8221; link_target=&#8221;_self&#8221; width=&#8221;1\/4&#8243; el_position=&#8221;first&#8221;] [spb_single_image image=&#8221;778&#8243; image_size=&#8221;full&#8221; frame=&#8221;noframe&#8221; intro_animation=&#8221;none&#8221; full_width=&#8221;no&#8221; lightbox=&#8221;no&#8221; link_target=&#8221;_self&#8221; width=&#8221;1\/2&#8243;] [spb_single_image image=&#8221;1164&#8243; image_size=&#8221;full&#8221; frame=&#8221;noframe&#8221; intro_animation=&#8221;none&#8221; full_width=&#8221;no&#8221; lightbox=&#8221;no&#8221; image_link=&#8221;https:\/\/nanostructuri-fluide.ro\/eco-nano-eco\/wp-content\/uploads\/2021\/10\/Anunt_finalizare_-pr_POC_G40_253.pdf&#8221; link_target=&#8221;_self&#8221; width=&#8221;1\/4&#8243; el_position=&#8221;last&#8221;] [spb_text_block pb_margin_bottom=&#8221;no&#8221; pb_border_bottom=&#8221;no&#8221; width=&#8221;1\/1&#8243; el_position=&#8221;first last&#8221;]\n<h4>Director Proiect: Conf. Dr. chim. Maria MIHALY<\/h4>\n<h4>Proiect POC-A1-A1.2.3-G-2015, cod SMIS 105558<\/h4>\n<h4>ID Proiect: P_40_253<\/h4>\n<h4>Nr. contract de finan\u0163are: 130\/23.09.2016<\/h4>\n<h4>Proiect cofinan\u0163at prin Fondul European de Dezvoltare Regional\u0103,<br \/>\nProgramul Opera\u0163ional Competitivitate<\/h4>\n<p><a href=\"http:\/\/www.fonduri-ue.ro\/\">\u201cPentru informa\u0163ii detaliate despre celelalte programe cofinan\u0163ate de Uniunea European\u0103, v\u0103 invit\u0103m s\u0103 vizita\u0163i www.fonduri-ue.ro\u201d<\/a><\/p>\n[\/spb_text_block] [blank_spacer height=&#8221;30px&#8221; width=&#8221;1\/1&#8243; el_position=&#8221;first last&#8221;]\n","protected":false},"excerpt":{"rendered":"<p>[spb_single_image image=&#8221;789&#8243; image_size=&#8221;full&#8221; frame=&#8221;noframe&#8221; intro_animation=&#8221;none&#8221; full_width=&#8221;no&#8221; lightbox=&#8221;no&#8221; link_target=&#8221;_self&#8221; width=&#8221;1\/1&#8243; el_position=&#8221;first last&#8221;] [spb_single_image image=&#8221;1166&#8243; image_size=&#8221;full&#8221; frame=&#8221;noframe&#8221; intro_animation=&#8221;none&#8221; full_width=&#8221;no&#8221; lightbox=&#8221;no&#8221; image_link=&#8221;https:\/\/nanostructuri-fluide.ro\/eco-nano-eco\/anunturi\/&#8221; link_target=&#8221;_self&#8221; width=&#8221;1\/4&#8243; el_position=&#8221;first&#8221;] [spb_single_image image=&#8221;778&#8243; image_size=&#8221;full&#8221; frame=&#8221;noframe&#8221; intro_animation=&#8221;none&#8221; full_width=&#8221;no&#8221; lightbox=&#8221;no&#8221; link_target=&#8221;_self&#8221; width=&#8221;1\/2&#8243;] [spb_single_image image=&#8221;1164&#8243; image_size=&#8221;full&#8221; frame=&#8221;noframe&#8221; intro_animation=&#8221;none&#8221; full_width=&#8221;no&#8221; lightbox=&#8221;no&#8221; image_link=&#8221;https:\/\/nanostructuri-fluide.ro\/eco-nano-eco\/wp-content\/uploads\/2021\/10\/Anunt_finalizare_-pr_POC_G40_253.pdf&#8221; link_target=&#8221;_self&#8221; width=&#8221;1\/4&#8243; el_position=&#8221;last&#8221;] [spb_text_block pb_margin_bottom=&#8221;no&#8221; pb_border_bottom=&#8221;no&#8221; width=&#8221;1\/1&#8243; el_position=&#8221;first last&#8221;] Director Proiect: Conf. Dr. chim. Maria MIHALY Proiect POC-A1-A1.2.3-G-2015, cod SMIS 105558 [&hellip;]<\/p>\n","protected":false},"author":1,"featured_media":0,"parent":0,"menu_order":0,"comment_status":"closed","ping_status":"closed","template":"","meta":{"inline_featured_image":false,"footnotes":""},"class_list":["post-7","page","type-page","status-publish","hentry"],"_links":{"self":[{"href":"https:\/\/nanostructuri-fluide.ro\/eco-nano-eco\/wp-json\/wp\/v2\/pages\/7","targetHints":{"allow":["GET"]}}],"collection":[{"href":"https:\/\/nanostructuri-fluide.ro\/eco-nano-eco\/wp-json\/wp\/v2\/pages"}],"about":[{"href":"https:\/\/nanostructuri-fluide.ro\/eco-nano-eco\/wp-json\/wp\/v2\/types\/page"}],"author":[{"embeddable":true,"href":"https:\/\/nanostructuri-fluide.ro\/eco-nano-eco\/wp-json\/wp\/v2\/users\/1"}],"replies":[{"embeddable":true,"href":"https:\/\/nanostructuri-fluide.ro\/eco-nano-eco\/wp-json\/wp\/v2\/comments?post=7"}],"version-history":[{"count":83,"href":"https:\/\/nanostructuri-fluide.ro\/eco-nano-eco\/wp-json\/wp\/v2\/pages\/7\/revisions"}],"predecessor-version":[{"id":1167,"href":"https:\/\/nanostructuri-fluide.ro\/eco-nano-eco\/wp-json\/wp\/v2\/pages\/7\/revisions\/1167"}],"wp:attachment":[{"href":"https:\/\/nanostructuri-fluide.ro\/eco-nano-eco\/wp-json\/wp\/v2\/media?parent=7"}],"curies":[{"name":"wp","href":"https:\/\/api.w.org\/{rel}","templated":true}]}}