{"id":477,"date":"2018-06-29T09:44:41","date_gmt":"2018-06-29T09:44:41","guid":{"rendered":"http:\/\/nanostructuri-fluide.ro\/eco-nano-eco\/?page_id=477"},"modified":"2021-03-16T18:10:51","modified_gmt":"2021-03-16T18:10:51","slug":"contact-2","status":"publish","type":"page","link":"https:\/\/nanostructuri-fluide.ro\/eco-nano-eco\/contact-2\/","title":{"rendered":"Nout\u0103\u021bi"},"content":{"rendered":"<div>\n<h3>UPB \u2013 Centrul de Cercet\u0103ri pentru Protec\u0163ia Mediului \u015fi Tehnologii Ecologice anun\u0163\u0103 la data de 05.01.2021 \u00eencheierea ultimului contract subsidiar de cercetare industrial\u0103 \u0219i\/sau dezvoltare experimental\u0103 \u00een colaborare efectiv\u0103 \u00eentre organiza\u021bia de cercetare \u0219i \u00eentreprindere (activit\u0103\u0163i de tip D).<\/h3>\n<h2><strong>Contract subsidiar\u00a0tip D:<\/strong><\/h2>\n<h3>Contract nr. 21984\/22.12.2020 \u2013 Valoare total\u0103 580.625 lei, Valoare eligibil\u0103 579.865 lei<\/h3>\n<h3>___________________________<\/h3>\n<\/div>\n<h3>UPB &#8211; Centrul de Cercet\u0103ri pentru Protec\u0163ia Mediului \u015fi Tehnologii Ecologice anun\u0163\u0103 la data de 12.06.2020 \u00eencheierea a dou\u0103 contracte subsidiare de cercetare industrial\u0103 \u0219i\/sau dezvoltare experimental\u0103 \u00een colaborare efectiv\u0103 \u00eentre organiza\u021bia de cercetare \u0219i \u00eentreprindere (activit\u0103\u0163i de tip D).<\/h3>\n<h2><strong>Contracte subsidiare tip D:<\/strong><\/h2>\n<h3>Contract nr. 5942\/24.04.2020 \u2013 Valoare total\u0103 1.804.750 lei, Valoare eligibil\u0103 1.800.000 lei<\/h3>\n<h2><strong>Contracte subsidiare tip D:<\/strong><\/h2>\n<h3>Contract nr. 7223\/27.05.2020 \u2013 Valoare total\u0103 1.109.690 lei, Valoare eligibil\u0103 1.100.000 lei<\/h3>\n<h3>___________________________<\/h3>\n<h3>UPB &#8211; Centrul de Cercet\u0103ri pentru Protec\u0163ia Mediului \u015fi Tehnologii Ecologice anun\u0163\u0103 la data de 10.10.2019 \u00eencheierea a unui contract subsidiar de prest\u0103ri servicii de cercetare-dezvoltare \u0219i de inovare pentru \u00eentreprindere de c\u0103tre organiza\u021bia de cercetare (activit\u0103\u0163i de tip C) \u015fi un contract subsidiar de cercetare industrial\u0103 \u0219i\/sau dezvoltare experimental\u0103 \u00een colaborare efectiv\u0103 \u00eentre organiza\u021bia de cercetare \u0219i \u00eentreprindere (activit\u0103\u0163i de tip D).<\/h3>\n<h2><strong>Contracte subsidiare tip C:<\/strong><\/h2>\n<h3>Contract nr. 18101\/04.10.2019 \u2013 Valoare total\u0103 952.000 lei, Valoare eligibil\u0103 800.000 lei<\/h3>\n<h2><strong>Contracte subsidiare tip D:<\/strong><\/h2>\n<h3>Contract nr. 15786\/16.09.2019 \u2013 Valoare total\u0103 1.757.359,59 lei, Valoare eligibil\u0103 1.700.832,50 lei<\/h3>\n<h3>___________________________<\/h3>\n<h3>UPB &#8211; Centrul de Cercet\u0103ri pentru Protec\u0163ia Mediului \u015fi Tehnologii Ecologice anun\u0163\u0103 la data de 20.01.2019 \u00eencheierea a unui contract subsidiar de prest\u0103ri servicii de cercetare-dezvoltare \u0219i de inovare pentru \u00eentreprindere de c\u0103tre organiza\u021bia de cercetare (activit\u0103\u0163i de tip C) \u015fi un contract subsidiar de cercetare industrial\u0103 \u0219i\/sau dezvoltare experimental\u0103 \u00een colaborare efectiv\u0103 \u00eentre organiza\u021bia de cercetare \u0219i \u00eentreprindere (activit\u0103\u0163i de tip D).<\/h3>\n<h2><strong>\u00a0<\/strong><strong>Contracte subsidiare tip C:<\/strong><\/h2>\n<h3>Contract nr. 25036\/11.12.2018 \u2013 Valoare total\u0103 952.000 lei, Valoare eligibil\u0103 800.000 lei<\/h3>\n<h2><strong>Contracte subsidiare tip D:<\/strong><\/h2>\n<h3>Contract nr. 25501\/18.12.2018 \u2013 Valoare total\u0103 1.800.000 lei, Valoare eligibil\u0103 1.800.000 lei<\/h3>\n<h3>__________________________<\/h3>\n<h3>UPB &#8211; Centrul de Cercet\u0103ri pentru Protec\u021bia Mediului \u0219i Tehnologii Ecologice anun\u021b\u0103 la data de 29.06.2018 \u00eencheierea a dou\u0103 contracte subsidiare de prest\u0103ri servicii de cercetare-dezvoltare \u0219i de inovare pentru \u00eentreprindere de c\u0103tre organiza\u021bia de cercetare (activit\u0103\u021bi de tip C) \u0219i dou\u0103 contracte subsidiare de cercetare industrial\u0103 \u0219i\/sau dezvoltare experimental\u0103 \u00een colaborare efectiv\u0103 \u00eentre organiza\u021bia de cercetare \u0219i \u00eentreprindere (activit\u0103\u021bi de tip D).<\/h3>\n<h2><strong>Contracte subsidiare tip C:<\/strong><\/h2>\n<h3>Contract nr. 4070\/09.03.2018 \u2013 Valoare total\u0103: 952.000 lei, Valoare eligibil\u0103: 800.000 lei<br \/>\nContract nr. 5048\/23.03.2018 \u2013 Valoare total\u0103: 940.100 lei, Valoare eligibil\u0103: 790.000 lei<\/h3>\n<h2><strong>Contracte subsidiare tip D:<\/strong><\/h2>\n<h3>Contract nr. 8396\/7.05.2018 \u2013 Valoare total\u0103: 1.802.000 lei, Valoare eligibil\u0103: 1.770.000 lei<br \/>\nContract nr. 11384\/18.06.2018 \u2013 Valoare total\u0103: 1.812.400 lei, Valoare eligibil\u0103: 1.800.000 lei<\/h3>\n<p>&nbsp;<\/p>\n<p>&nbsp;<\/p>\n<p>&nbsp;<\/p>\n","protected":false},"excerpt":{"rendered":"<p>UPB \u2013 Centrul de Cercet\u0103ri pentru Protec\u0163ia Mediului \u015fi Tehnologii Ecologice anun\u0163\u0103 la data de 05.01.2021 \u00eencheierea ultimului contract subsidiar de cercetare industrial\u0103 \u0219i\/sau dezvoltare experimental\u0103 \u00een colaborare efectiv\u0103 \u00eentre organiza\u021bia de cercetare \u0219i \u00eentreprindere (activit\u0103\u0163i de tip D). Contract subsidiar\u00a0tip D: Contract nr. 21984\/22.12.2020 \u2013 Valoare total\u0103 580.625 lei, Valoare eligibil\u0103 579.865 lei ___________________________ UPB &#8211; Centrul de Cercet\u0103ri [&hellip;]<\/p>\n","protected":false},"author":1,"featured_media":0,"parent":0,"menu_order":0,"comment_status":"closed","ping_status":"closed","template":"","meta":{"inline_featured_image":false,"footnotes":""},"class_list":["post-477","page","type-page","status-publish","hentry"],"_links":{"self":[{"href":"https:\/\/nanostructuri-fluide.ro\/eco-nano-eco\/wp-json\/wp\/v2\/pages\/477","targetHints":{"allow":["GET"]}}],"collection":[{"href":"https:\/\/nanostructuri-fluide.ro\/eco-nano-eco\/wp-json\/wp\/v2\/pages"}],"about":[{"href":"https:\/\/nanostructuri-fluide.ro\/eco-nano-eco\/wp-json\/wp\/v2\/types\/page"}],"author":[{"embeddable":true,"href":"https:\/\/nanostructuri-fluide.ro\/eco-nano-eco\/wp-json\/wp\/v2\/users\/1"}],"replies":[{"embeddable":true,"href":"https:\/\/nanostructuri-fluide.ro\/eco-nano-eco\/wp-json\/wp\/v2\/comments?post=477"}],"version-history":[{"count":34,"href":"https:\/\/nanostructuri-fluide.ro\/eco-nano-eco\/wp-json\/wp\/v2\/pages\/477\/revisions"}],"predecessor-version":[{"id":1056,"href":"https:\/\/nanostructuri-fluide.ro\/eco-nano-eco\/wp-json\/wp\/v2\/pages\/477\/revisions\/1056"}],"wp:attachment":[{"href":"https:\/\/nanostructuri-fluide.ro\/eco-nano-eco\/wp-json\/wp\/v2\/media?parent=477"}],"curies":[{"name":"wp","href":"https:\/\/api.w.org\/{rel}","templated":true}]}}