{"id":422,"date":"2017-12-17T18:55:31","date_gmt":"2017-12-17T18:55:31","guid":{"rendered":"http:\/\/nanostructuri-fluide.ro\/eco-nano-eco\/?page_id=422"},"modified":"2018-02-02T12:42:41","modified_gmt":"2018-02-02T12:42:41","slug":"anunt-selectie-parteneri-2","status":"publish","type":"page","link":"https:\/\/nanostructuri-fluide.ro\/eco-nano-eco\/anunt-selectie-parteneri-2\/","title":{"rendered":"<h2>Metodologie de selec\u021bie a partenerilor industriali pentru contractarea activit\u0103\u021bilor de tip C \u0219i D \u00een cadrul Programului Opera\u021bional Competitivitate 2014-2020<\/h2>"},"content":{"rendered":"[spb_text_block pb_margin_bottom=&#8221;no&#8221; pb_border_bottom=&#8221;no&#8221; width=&#8221;1\/1&#8243; el_position=&#8221;first last&#8221;]\n<p><strong>UPB-Centrul de Cercet\u0103ri pentru Protec\u0163ia Mediului \u015fi Tehnologii Ecologice<\/strong> (UPB &#8211; CPMTE) din cadrul Facult\u0103\u0163ii de Chimie Aplicat\u0103 \u015fi \u015etiin\u0163a Materialelor, Universitatea POLITEHNICA din Bucure\u015fti invit\u0103 to\u021bi agen\u021bii economici interesa\u021bi s\u0103 transmit\u0103 o fi\u0219\u0103 de prezentare succint\u0103 a ideii de proiect \u00een vederea \u00eencheierii contractelor pentru activit\u0103\u021bile de tip C \u0219i D \u00een cadrul proiectului <strong>\u201cEco-Nanotehnologii de depoluare a apelor si valorificarea de\u015feurilor\u201d<\/strong>. Apelul este continuu \u0219i va r\u0103m\u00e2ne deschis p\u00e2n\u0103 la epuizarea fondurilor alocate acestor activit\u0103\u021bi.<\/p>\n<p>Situa\u021biile competi\u021bionale vor fi solu\u021bionate prin transmiterea \u0219i evaluarea Fi\u0219ei de prezentare detaliat\u0103 a ideii de proiect.<\/p>\n<p>Fi\u0219a de prezentare a ideii de proiect se vor transmite prin e-mail la adresa:<\/p>\n<p><a href=\"mailto:maria.mihaly@gmail.com\">maria.mihaly@gmail.com<\/a>, \u00een aten\u021bia Conf. dr. Maria MIHALY, director de proiect, sau se vor depune la sediul CPMTE din Str Polizu 1-7, Bucure\u0219ti, CP 011061, Telefon\/Fax: 0213154193.<\/p>\n<p>Evaluarea documenta\u021biei depuse de \u00eentreprinderi se va realiza de c\u0103tre o comisie format\u0103 din speciali\u0219ti ai echipelor de management \u0219i implementare.<\/p>\n<p>Mai multe informa\u021bii despre modul de desf\u0103\u0219urare a procesului de selec\u021bie se regasesc \u00een Instruc\u0163iunea 8962\/30.06.2017 privind verificarea \u00eentreprinderii de c\u0103tre organiza\u0163ia de cercetare, \u00een cazul Parteneriate pentru transfer de cuno\u015ftin\u0163e.<\/p>\n<p><a href=\"http:\/\/newpoc.research.ro\/ro\/articol\/4201\/comunicare-instructiunea-8962-30-06-2017-privind-verificarea-intreprinderii-de-catre-organizatia-de-cercetare-in-cazul-parteneriate-pentru-trasnsfer-de-cunostinte\">http:\/\/newpoc.research.ro\/ro\/articol\/4201\/comunicare-instructiunea-8962-30-06-2017-privind-verificarea-intreprinderii-de-catre-organizatia-de-cercetare-in-cazul-parteneriate-pentru-trasnsfer-de-cunostinte<\/a>.<\/p>\n<p>Documente utile:<\/p>\n<p><a href=\"http:\/\/nanostructuri-fluide.ro\/eco-nano-eco\/wp-content\/uploads\/2017\/06\/Ghid-Sectiunea-G.pdf\">Ghidul POC Sec\u021biunea G ghid sectiunea G<\/a><\/p>\n<p><a href=\"http:\/\/nanostructuri-fluide.ro\/eco-nano-eco\/wp-content\/uploads\/2017\/06\/Ghid-unic-a-b-c-d-e-f-g-1-1.pdf\">Ghid POC toate sectiunile ghid unic POC<\/a><\/p>\n<p><a href=\"http:\/\/nanostructuri-fluide.ro\/eco-nano-eco\/wp-content\/uploads\/2017\/06\/Fisa-succinta-OK.pdf\">Fi\u0219a de prezentare succint\u0103 a ideii de proiect<\/a><\/p>\n<p><a href=\"http:\/\/nanostructuri-fluide.ro\/eco-nano-eco\/wp-content\/uploads\/2017\/06\/Contract-Subsidiar-activitati-C.pdf\">Model de contract subsidiar pentru activit\u0103\u021bi de tip C<\/a><\/p>\n<p><a href=\"http:\/\/nanostructuri-fluide.ro\/eco-nano-eco\/wp-content\/uploads\/2017\/06\/Contract-Subsidiar-activitati-D.pdf\">Model de contract subsidiar pentru activit\u0103\u021bi de tip D<\/a><\/p>\n<p><a href=\"http:\/\/nanostructuri-fluide.ro\/eco-nano-eco\/wp-content\/uploads\/2017\/06\/Fisa-de-prezentare-detaliata-NEW.pdf\">Fi\u0219a de prezentare detaliat\u0103 a ideii de proiect (dac\u0103 este cazul)<\/a><\/p>\n<p><a href=\"http:\/\/nanostructuri-fluide.ro\/eco-nano-eco\/wp-content\/uploads\/2017\/06\/Fisa-de-evaluare.pdf\">Fi\u0219a de evaluare<\/a><\/p>\n[\/spb_text_block]\n","protected":false},"excerpt":{"rendered":"<p>[spb_text_block pb_margin_bottom=&#8221;no&#8221; pb_border_bottom=&#8221;no&#8221; width=&#8221;1\/1&#8243; el_position=&#8221;first last&#8221;] UPB-Centrul de Cercet\u0103ri pentru Protec\u0163ia Mediului \u015fi Tehnologii Ecologice (UPB &#8211; CPMTE) din cadrul Facult\u0103\u0163ii de Chimie Aplicat\u0103 \u015fi \u015etiin\u0163a Materialelor, Universitatea POLITEHNICA din Bucure\u015fti invit\u0103 to\u021bi agen\u021bii economici interesa\u021bi s\u0103 transmit\u0103 o fi\u0219\u0103 de prezentare succint\u0103 a ideii de proiect \u00een vederea \u00eencheierii contractelor pentru activit\u0103\u021bile de tip C \u0219i D \u00een cadrul [&hellip;]<\/p>\n","protected":false},"author":1,"featured_media":0,"parent":0,"menu_order":0,"comment_status":"closed","ping_status":"closed","template":"","meta":{"inline_featured_image":false,"footnotes":""},"class_list":["post-422","page","type-page","status-publish","hentry"],"_links":{"self":[{"href":"https:\/\/nanostructuri-fluide.ro\/eco-nano-eco\/wp-json\/wp\/v2\/pages\/422","targetHints":{"allow":["GET"]}}],"collection":[{"href":"https:\/\/nanostructuri-fluide.ro\/eco-nano-eco\/wp-json\/wp\/v2\/pages"}],"about":[{"href":"https:\/\/nanostructuri-fluide.ro\/eco-nano-eco\/wp-json\/wp\/v2\/types\/page"}],"author":[{"embeddable":true,"href":"https:\/\/nanostructuri-fluide.ro\/eco-nano-eco\/wp-json\/wp\/v2\/users\/1"}],"replies":[{"embeddable":true,"href":"https:\/\/nanostructuri-fluide.ro\/eco-nano-eco\/wp-json\/wp\/v2\/comments?post=422"}],"version-history":[{"count":13,"href":"https:\/\/nanostructuri-fluide.ro\/eco-nano-eco\/wp-json\/wp\/v2\/pages\/422\/revisions"}],"predecessor-version":[{"id":467,"href":"https:\/\/nanostructuri-fluide.ro\/eco-nano-eco\/wp-json\/wp\/v2\/pages\/422\/revisions\/467"}],"wp:attachment":[{"href":"https:\/\/nanostructuri-fluide.ro\/eco-nano-eco\/wp-json\/wp\/v2\/media?parent=422"}],"curies":[{"name":"wp","href":"https:\/\/api.w.org\/{rel}","templated":true}]}}