{"id":411,"date":"2017-12-06T10:55:16","date_gmt":"2017-12-06T10:55:16","guid":{"rendered":"http:\/\/nanostructuri-fluide.ro\/eco-nano-eco\/?page_id=411"},"modified":"2017-12-17T18:57:35","modified_gmt":"2017-12-17T18:57:35","slug":"anunt-selectie-parteneri","status":"publish","type":"page","link":"https:\/\/nanostructuri-fluide.ro\/eco-nano-eco\/anunt-selectie-parteneri\/","title":{"rendered":"<h2>Anun\u021b selec\u021bie parteneri \u00een cadrul proiectului ECO-NANO-ECO<\/h2>"},"content":{"rendered":"[spb_text_block pb_margin_bottom=&#8221;no&#8221; pb_border_bottom=&#8221;no&#8221; width=&#8221;1\/1&#8243; el_position=&#8221;first last&#8221;]\n<p class=\"western\" lang=\"ro-RO\"><b>UPB <\/b>&#8211; <b>Centrul de Cercet\u0103ri pentru Protec\u0163ia Mediului \u015fi Tehnologii Ecologice<\/b> (UPB-CPMTE) anun\u0163\u0103 deschiderea competi\u0163iei de selec\u0163ie a \u00eentreprinderilor interesate de oferta proiectului ECO-NANO-TEHNOLOGII DE DEPOLUARE A APELOR \u015eI VALORIFICAREA DE\u015eEURILOR (ECO-NANO-ECO), \u00een vederea demar\u0103rii activit\u0103\u021bilor de tip C \u015fi D .<\/p>\n<p class=\"western\" lang=\"ro-RO\">Finan\u0163area este asigurat\u0103 de c\u0103tre UPB-CPMTE, \u00een calitate de <b>beneficiar<\/b> al Programului Opera\u0163ional Competitivitate 2014-2020, Sec\u021biunea G, Ac\u021biunea 1.2.3. Parteneriate pentru transfer de cuno\u0219tin\u021be, competi\u021bia 2015.<\/p>\n<p class=\"western\" lang=\"ro-RO\">Obiectivul general al proiectului vizeaz\u01ce \u00eembun\u01cet\u01ce\u0163irea transferului de cuno\u015ftin\u0163e \u015fi tehnologie \u00een domeniul ECO-NANO-TEHNOLOGIILOR PENTRU DEPOLUARE \u015eI VALORIFICAREA DE\u015eEURILOR, \u00eentre UPB-CPMTE \u015fi diverse \u00eentreprinderi cu preocup\u0103ri \u00een acest domeniu.<\/p>\n<p class=\"western\" lang=\"ro-RO\">Poten\u021bialii parteneri interesa\u0163i de oferta proiectului ECO-NANO-ECO pot solicita informa\u021bii suplimentare, prin utilizarea urm\u0103toarelor canale de comunicare:<\/p>\n<p class=\"western\" lang=\"ro-RO\"><a name=\"_GoBack\"><\/a> E-mail: <a href=\"mailto:maria.mihaly@gmail.com\">maria.mihaly@gmail.com<\/a><\/p>\n<p class=\"western\" lang=\"ro-RO\">Telefon\/Fax: 0722244963<\/p>\n<p class=\"western\" lang=\"ro-RO\" align=\"left\"><i>Persoana de contact: Maria MIHALY<\/i><\/p>\n<p class=\"western\" lang=\"ro-RO\">Informa\u021biile relevante \u00een leg\u0103tur\u0103 cu activit\u0103\u021bile proiectului, condi\u021biile generale de eligibilitate \u0219i condi\u021biile specifice, documentele necesare pentru depunerea candidaturii \u0219i modalitatea de evaluare a candidaturilor depuse se reg\u0103sesc \u00een <a href=\"http:\/\/nanostructuri-fluide.ro\/eco-nano-eco\/anunt-selectie-parteneri-2\/\"><b>metodologia de selec\u021bie a partenerilor. <\/b><\/a><\/p>\n<p class=\"western\" lang=\"ro-RO\">Interesul fa\u021b\u0103 de activit\u0103\u021bile de tip C \u0219i D ale proiectului se va manifesta prin transmiterea unei Scrisori de inten\u021bie care poate fi depus\u0103 continuu pe \u00eentreaga perioad\u0103 de depunere a proiectului.<\/p>\n[\/spb_text_block]\n","protected":false},"excerpt":{"rendered":"<p>[spb_text_block pb_margin_bottom=&#8221;no&#8221; pb_border_bottom=&#8221;no&#8221; width=&#8221;1\/1&#8243; el_position=&#8221;first last&#8221;] UPB &#8211; Centrul de Cercet\u0103ri pentru Protec\u0163ia Mediului \u015fi Tehnologii Ecologice (UPB-CPMTE) anun\u0163\u0103 deschiderea competi\u0163iei de selec\u0163ie a \u00eentreprinderilor interesate de oferta proiectului ECO-NANO-TEHNOLOGII DE DEPOLUARE A APELOR \u015eI VALORIFICAREA DE\u015eEURILOR (ECO-NANO-ECO), \u00een vederea demar\u0103rii activit\u0103\u021bilor de tip C \u015fi D . Finan\u0163area este asigurat\u0103 de c\u0103tre UPB-CPMTE, \u00een calitate de beneficiar al Programului [&hellip;]<\/p>\n","protected":false},"author":1,"featured_media":0,"parent":0,"menu_order":0,"comment_status":"closed","ping_status":"closed","template":"","meta":{"inline_featured_image":false,"footnotes":""},"class_list":["post-411","page","type-page","status-publish","hentry"],"_links":{"self":[{"href":"https:\/\/nanostructuri-fluide.ro\/eco-nano-eco\/wp-json\/wp\/v2\/pages\/411","targetHints":{"allow":["GET"]}}],"collection":[{"href":"https:\/\/nanostructuri-fluide.ro\/eco-nano-eco\/wp-json\/wp\/v2\/pages"}],"about":[{"href":"https:\/\/nanostructuri-fluide.ro\/eco-nano-eco\/wp-json\/wp\/v2\/types\/page"}],"author":[{"embeddable":true,"href":"https:\/\/nanostructuri-fluide.ro\/eco-nano-eco\/wp-json\/wp\/v2\/users\/1"}],"replies":[{"embeddable":true,"href":"https:\/\/nanostructuri-fluide.ro\/eco-nano-eco\/wp-json\/wp\/v2\/comments?post=411"}],"version-history":[{"count":9,"href":"https:\/\/nanostructuri-fluide.ro\/eco-nano-eco\/wp-json\/wp\/v2\/pages\/411\/revisions"}],"predecessor-version":[{"id":424,"href":"https:\/\/nanostructuri-fluide.ro\/eco-nano-eco\/wp-json\/wp\/v2\/pages\/411\/revisions\/424"}],"wp:attachment":[{"href":"https:\/\/nanostructuri-fluide.ro\/eco-nano-eco\/wp-json\/wp\/v2\/media?parent=411"}],"curies":[{"name":"wp","href":"https:\/\/api.w.org\/{rel}","templated":true}]}}