{"id":27,"date":"2017-03-29T12:05:21","date_gmt":"2017-03-29T12:05:21","guid":{"rendered":"http:\/\/kaa0s.esy.es\/?page_id=27"},"modified":"2017-03-30T06:32:06","modified_gmt":"2017-03-30T06:32:06","slug":"descriere-proiect","status":"publish","type":"page","link":"https:\/\/nanostructuri-fluide.ro\/eco-nano-eco\/descriere-proiect\/","title":{"rendered":"Descriere proiect"},"content":{"rendered":"[spb_text_block pb_margin_bottom=&#8221;no&#8221; pb_border_bottom=&#8221;no&#8221; width=&#8221;1\/1&#8243; el_position=&#8221;first last&#8221;]\n<h3>Depoluarea \u0219i prevenirea polu\u0103rii apelor<\/h3>\n<h5>a) Dezvoltarea \u0219i implementarea unor Eco-nano-tehnologii pentru \u00eendep\u0103rtarea poluan\u021bilor organici \u015fi anorganici din medii apoase;<br \/>\nb) Manipularea, eficientizarea, amorsarea sta\u021biilor de tratare\/epurare:<br \/>\n&#8211; instruirea personalului de exploatare a sta\u021biilor de tratare<br \/>\n&#8211; identificarea unor solu\u0163ii la problemele tehnice care apar la exploatarea sta\u021biilor de tratare ape;<br \/>\n&#8211; eficientizarea fluxurilor tehnologice (reducere consum de materiale \u015fi de energie) cu efect de cre\u015ftere a randamentului \u015fi a productivit\u0103\u0163ii sta\u0163iei \u015fi a calit\u0103\u0163ii apei de b\u0103ut;<br \/>\n&#8211; automatizarea, care asigur\u0103 cre\u015fterea siguran\u0163ei de func\u0163ionare a instala\u0163iei, reducerea personalului implicat \u00een procesul de produc\u0163ie \u015fi optimizarea procesului.<\/h5>\n<h3>Valorificarea de\u0219eurilor<\/h3>\n<h5>a) Dezvoltarea \u0219i implementarea unor Eco-nano-tehnologii pentru valorificarea de\u0219eurilor din sectoarele:<br \/>\n&#8211; metalurgie (metale pre\u021bioase cu inciden\u021b\u0103 la nivel de urme; Al \u0219i Cu din de\u0219euri periculoase de tip \u0219lamuri uleioase etc);<br \/>\n&#8211; minerit, electronic\u0103 \u0219i electrotehnic\u0103;<br \/>\n&#8211; agricultur\u0103, zootehnie, industria alimentar\u0103, de\u0219euri urbane (biogaz, pele\u021bi, cogenerare, compost, biogaz);<br \/>\n&#8211; s\u0103n\u0103tate (pirogenare, gazeificare).<br \/>\nb) Evaluarea volumului \u0219i con\u021binuturilor haldelor.<br \/>\nc) Determinarea compozi\u021biei chimice \u0219i mineralogice a de\u0219eurilor anorganice pulverulente.<br \/>\nd) Investigarea \u0219i\/sau monitorizarea radioactivit\u0103\u021bii.<br \/>\ne) Gestionare integrat\u0103 a de\u0219eurilor \u00een intreprinderi.<\/h5>\n[\/spb_text_block]\n","protected":false},"excerpt":{"rendered":"<p>[spb_text_block pb_margin_bottom=&#8221;no&#8221; pb_border_bottom=&#8221;no&#8221; width=&#8221;1\/1&#8243; el_position=&#8221;first last&#8221;] Depoluarea \u0219i prevenirea polu\u0103rii apelor a) Dezvoltarea \u0219i implementarea unor Eco-nano-tehnologii pentru \u00eendep\u0103rtarea poluan\u021bilor organici \u015fi anorganici din medii apoase; b) Manipularea, eficientizarea, amorsarea sta\u021biilor de tratare\/epurare: &#8211; instruirea personalului de exploatare a sta\u021biilor de tratare &#8211; identificarea unor solu\u0163ii la problemele tehnice care apar la exploatarea sta\u021biilor de tratare ape; &#8211; eficientizarea fluxurilor [&hellip;]<\/p>\n","protected":false},"author":1,"featured_media":0,"parent":0,"menu_order":0,"comment_status":"closed","ping_status":"closed","template":"","meta":{"inline_featured_image":false,"footnotes":""},"class_list":["post-27","page","type-page","status-publish","hentry"],"_links":{"self":[{"href":"https:\/\/nanostructuri-fluide.ro\/eco-nano-eco\/wp-json\/wp\/v2\/pages\/27","targetHints":{"allow":["GET"]}}],"collection":[{"href":"https:\/\/nanostructuri-fluide.ro\/eco-nano-eco\/wp-json\/wp\/v2\/pages"}],"about":[{"href":"https:\/\/nanostructuri-fluide.ro\/eco-nano-eco\/wp-json\/wp\/v2\/types\/page"}],"author":[{"embeddable":true,"href":"https:\/\/nanostructuri-fluide.ro\/eco-nano-eco\/wp-json\/wp\/v2\/users\/1"}],"replies":[{"embeddable":true,"href":"https:\/\/nanostructuri-fluide.ro\/eco-nano-eco\/wp-json\/wp\/v2\/comments?post=27"}],"version-history":[{"count":8,"href":"https:\/\/nanostructuri-fluide.ro\/eco-nano-eco\/wp-json\/wp\/v2\/pages\/27\/revisions"}],"predecessor-version":[{"id":109,"href":"https:\/\/nanostructuri-fluide.ro\/eco-nano-eco\/wp-json\/wp\/v2\/pages\/27\/revisions\/109"}],"wp:attachment":[{"href":"https:\/\/nanostructuri-fluide.ro\/eco-nano-eco\/wp-json\/wp\/v2\/media?parent=27"}],"curies":[{"name":"wp","href":"https:\/\/api.w.org\/{rel}","templated":true}]}}