{"id":1147,"date":"2021-10-01T19:11:42","date_gmt":"2021-10-01T19:11:42","guid":{"rendered":"https:\/\/nanostructuri-fluide.ro\/eco-nano-eco\/?page_id=1147"},"modified":"2021-10-01T19:13:34","modified_gmt":"2021-10-01T19:13:34","slug":"informatii-generale","status":"publish","type":"page","link":"https:\/\/nanostructuri-fluide.ro\/eco-nano-eco\/informatii-generale\/","title":{"rendered":"Informa\u021bii generale"},"content":{"rendered":"<h4>Universitatea POLITEHNICA din Bucure\u015fti, Centrul de Cercet\u0103ri pentru Protec\u0163ia Mediului \u015fi Tehnologii Ecologice (CPMTE), anun\u0163\u0103 \u00eenceperea proiectului Eco Nanotehnologii de Depoluarea Apelor \u015fi Valorificarea De\u015feurilor, acronim ECO-NANO-ECO, \u00een cadrul Programului Opera\u021bional Competitivitate (POC), Axa prioritar\u0103 1, Ac\u0163iunea 1.2.3., Parteneriate pentru transfer de cuno\u015ftin\u0163e POC-A1-A1.2.3-G-2015.<\/h4>\n<h4>Proiectul este cofinan\u021bat prin Programul Opera\u021bional Competitivitate 2014-2020, \u00een baza contractului de finan\u021bare nr. 130\/23.09.2016, \u00eencheiat cu Ministerul Fondurilor Europene (MFE) \u00een calitate de Autoritate de Management (AM) pentru Programul Opera\u021bional Competitivitate (POC), prin Autoritatea Na\u021bional\u0103 pentru Cercetare \u0218tiin\u021bific\u0103 \u0219i Inovare, \u00een calitate de Organism Intermediar (OI).<\/h4>\n<h4>Valoarea total\u0103 eligibil\u0103 a proiectului este de 14.771.250 lei, din care valoarea eligibil\u0103 nerambursabil\u0103 este de 12.885.250 lei.<\/h4>\n","protected":false},"excerpt":{"rendered":"<p>Universitatea POLITEHNICA din Bucure\u015fti, Centrul de Cercet\u0103ri pentru Protec\u0163ia Mediului \u015fi Tehnologii Ecologice (CPMTE), anun\u0163\u0103 \u00eenceperea proiectului Eco Nanotehnologii de Depoluarea Apelor \u015fi Valorificarea De\u015feurilor, acronim ECO-NANO-ECO, \u00een cadrul Programului Opera\u021bional Competitivitate (POC), Axa prioritar\u0103 1, Ac\u0163iunea 1.2.3., Parteneriate pentru transfer de cuno\u015ftin\u0163e POC-A1-A1.2.3-G-2015. Proiectul este cofinan\u021bat prin Programul Opera\u021bional Competitivitate 2014-2020, \u00een baza contractului de finan\u021bare nr. 130\/23.09.2016, \u00eencheiat [&hellip;]<\/p>\n","protected":false},"author":1,"featured_media":0,"parent":0,"menu_order":0,"comment_status":"closed","ping_status":"closed","template":"","meta":{"inline_featured_image":false,"footnotes":""},"class_list":["post-1147","page","type-page","status-publish","hentry"],"_links":{"self":[{"href":"https:\/\/nanostructuri-fluide.ro\/eco-nano-eco\/wp-json\/wp\/v2\/pages\/1147","targetHints":{"allow":["GET"]}}],"collection":[{"href":"https:\/\/nanostructuri-fluide.ro\/eco-nano-eco\/wp-json\/wp\/v2\/pages"}],"about":[{"href":"https:\/\/nanostructuri-fluide.ro\/eco-nano-eco\/wp-json\/wp\/v2\/types\/page"}],"author":[{"embeddable":true,"href":"https:\/\/nanostructuri-fluide.ro\/eco-nano-eco\/wp-json\/wp\/v2\/users\/1"}],"replies":[{"embeddable":true,"href":"https:\/\/nanostructuri-fluide.ro\/eco-nano-eco\/wp-json\/wp\/v2\/comments?post=1147"}],"version-history":[{"count":3,"href":"https:\/\/nanostructuri-fluide.ro\/eco-nano-eco\/wp-json\/wp\/v2\/pages\/1147\/revisions"}],"predecessor-version":[{"id":1151,"href":"https:\/\/nanostructuri-fluide.ro\/eco-nano-eco\/wp-json\/wp\/v2\/pages\/1147\/revisions\/1151"}],"wp:attachment":[{"href":"https:\/\/nanostructuri-fluide.ro\/eco-nano-eco\/wp-json\/wp\/v2\/media?parent=1147"}],"curies":[{"name":"wp","href":"https:\/\/api.w.org\/{rel}","templated":true}]}}